{"id":4661,"date":"2024-06-04T19:13:54","date_gmt":"2024-06-04T19:13:54","guid":{"rendered":"https:\/\/fieldofawakening.eu\/?page_id=4661"},"modified":"2024-06-04T19:35:47","modified_gmt":"2024-06-04T19:35:47","slug":"sri-preethaji","status":"publish","type":"page","link":"https:\/\/fieldofawakening.eu\/es\/sri-preethaji\/","title":{"rendered":"Sri Preethaji"},"content":{"rendered":"<p><div class=\"fusion-fullwidth fullwidth-box fusion-builder-row-1 fusion-flex-container has-pattern-background has-mask-background nonhundred-percent-fullwidth non-hundred-percent-height-scrolling\" style=\"--awb-border-radius-top-left:0px;--awb-border-radius-top-right:0px;--awb-border-radius-bottom-right:0px;--awb-border-radius-bottom-left:0px;--awb-padding-top:0px;--awb-padding-bottom:0px;--awb-padding-top-small:30px;--awb-margin-bottom:0px;--awb-background-color:#000724;--awb-flex-wrap:wrap;\" ><div class=\"fusion-builder-row fusion-row fusion-flex-align-items-flex-start fusion-flex-align-content-space-around fusion-flex-content-wrap\" style=\"max-width:1323px;margin-left: calc(-5% \/ 2 );margin-right: calc(-5% \/ 2 );\"><div class=\"fusion-layout-column fusion_builder_column fusion-builder-column-0 fusion_builder_column_1_1 1_1 fusion-flex-column fusion-flex-align-self-flex-start\" style=\"--awb-padding-top:72px;--awb-bg-size:cover;--awb-width-large:100%;--awb-margin-top-large:0px;--awb-spacing-right-large:2.375%;--awb-margin-bottom-large:20px;--awb-spacing-left-large:2.375%;--awb-width-medium:100%;--awb-order-medium:0;--awb-spacing-right-medium:2.375%;--awb-spacing-left-medium:2.375%;--awb-width-small:100%;--awb-order-small:0;--awb-spacing-right-small:0%;--awb-spacing-left-small:0%;\"><div class=\"fusion-column-wrapper fusion-column-has-shadow fusion-flex-justify-content-space-around fusion-content-layout-block\"><div class=\"fusion-title title fusion-title-1 fusion-sep-none fusion-title-text fusion-title-size-one\" style=\"--awb-text-color:var(--awb-custom_color_15);--awb-margin-top-small:10px;--awb-margin-right-small:0px;--awb-margin-bottom-small:10px;--awb-margin-left-small:0px;--awb-font-size:90px;\"><h1 class=\"fusion-title-heading title-heading-left fusion-responsive-typography-calculated\" style=\"font-family:&quot;Bree Serif&quot;;font-style:normal;font-weight:400;margin:0;font-size:1em;--fontSize:90;line-height:var(--awb-typography1-line-height);\">Sri Preethaji<\/h1><\/div><div class=\"fusion-image-element fusion-image-align-center in-legacy-container\" style=\"text-align:center;--awb-margin-top:40px;--awb-margin-bottom:40px;--awb-caption-title-font-family:var(--h2_typography-font-family);--awb-caption-title-font-weight:var(--h2_typography-font-weight);--awb-caption-title-font-style:var(--h2_typography-font-style);--awb-caption-title-size:var(--h2_typography-font-size);--awb-caption-title-transform:var(--h2_typography-text-transform);--awb-caption-title-line-height:var(--h2_typography-line-height);--awb-caption-title-letter-spacing:var(--h2_typography-letter-spacing);\"><div class=\"imageframe-align-center\"><span class=\" fusion-imageframe imageframe-none imageframe-1 hover-type-none\" style=\"border-radius:33px;\"><img decoding=\"async\" width=\"1440\" height=\"960\" title=\"sri-preethaji\" src=\"https:\/\/fieldofawakening.eu\/wp-content\/uploads\/2024\/06\/sri-preethaji.jpg\" data-orig-src=\"https:\/\/fieldofawakening.eu\/wp-content\/uploads\/2024\/06\/sri-preethaji.jpg\" alt class=\"lazyload img-responsive wp-image-4639\" srcset=\"data:image\/svg+xml,%3Csvg%20xmlns%3D%27http%3A%2F%2Fwww.w3.org%2F2000%2Fsvg%27%20width%3D%271440%27%20height%3D%27960%27%20viewBox%3D%270%200%201440%20960%27%3E%3Crect%20width%3D%271440%27%20height%3D%27960%27%20fill-opacity%3D%220%22%2F%3E%3C%2Fsvg%3E\" data-srcset=\"https:\/\/fieldofawakening.eu\/wp-content\/uploads\/2024\/06\/sri-preethaji-200x133.jpg 200w, https:\/\/fieldofawakening.eu\/wp-content\/uploads\/2024\/06\/sri-preethaji-400x267.jpg 400w, https:\/\/fieldofawakening.eu\/wp-content\/uploads\/2024\/06\/sri-preethaji-600x400.jpg 600w, https:\/\/fieldofawakening.eu\/wp-content\/uploads\/2024\/06\/sri-preethaji-800x533.jpg 800w, https:\/\/fieldofawakening.eu\/wp-content\/uploads\/2024\/06\/sri-preethaji-1200x800.jpg 1200w, https:\/\/fieldofawakening.eu\/wp-content\/uploads\/2024\/06\/sri-preethaji.jpg 1440w\" data-sizes=\"auto\" data-orig-sizes=\"(max-width: 1024px) 100vw, (max-width: 740px) 100vw, 1440px\" \/><\/span><\/div><\/div><\/div><\/div><\/div><\/div><div class=\"fusion-fullwidth fullwidth-box fusion-builder-row-2 fusion-flex-container has-pattern-background has-mask-background nonhundred-percent-fullwidth non-hundred-percent-height-scrolling\" style=\"--awb-border-radius-top-left:0px;--awb-border-radius-top-right:0px;--awb-border-radius-bottom-right:0px;--awb-border-radius-bottom-left:0px;--awb-padding-bottom:108px;--awb-margin-bottom:0px;--awb-background-color:#000724;--awb-flex-wrap:wrap;\" ><div class=\"fusion-builder-row fusion-row fusion-flex-align-items-center fusion-flex-content-wrap\" style=\"max-width:1323px;margin-left: calc(-5% \/ 2 );margin-right: calc(-5% \/ 2 );\"><div class=\"fusion-layout-column fusion_builder_column fusion-builder-column-1 fusion_builder_column_1_1 1_1 fusion-flex-column\" style=\"--awb-bg-size:cover;--awb-width-large:100%;--awb-margin-top-large:0px;--awb-spacing-right-large:2.375%;--awb-margin-bottom-large:40px;--awb-spacing-left-large:2.375%;--awb-width-medium:100%;--awb-order-medium:0;--awb-spacing-right-medium:2.375%;--awb-spacing-left-medium:2.375%;--awb-width-small:100%;--awb-order-small:0;--awb-spacing-right-small:0%;--awb-margin-bottom-small:20px;--awb-spacing-left-small:0%;\"><div class=\"fusion-column-wrapper fusion-column-has-shadow fusion-flex-justify-content-flex-start fusion-content-layout-column\"><div class=\"fusion-title title fusion-title-2 fusion-sep-none fusion-title-text fusion-title-size-two\" style=\"--awb-text-color:var(--awb-custom_color_5);--awb-margin-top-small:10px;--awb-margin-right-small:0px;--awb-margin-bottom-small:10px;--awb-margin-left-small:0px;\"><h2 class=\"fusion-title-heading title-heading-left fusion-responsive-typography-calculated\" style=\"font-family:&quot;Bree Serif&quot;;font-style:normal;font-weight:400;margin:0;--fontSize:54;line-height:1.1;\">Conozca a un maestro iluminado<\/h2><\/div><\/div><\/div><div class=\"fusion-layout-column fusion_builder_column fusion-builder-column-2 fusion_builder_column_1_6 1_6 fusion-flex-column fusion-no-small-visibility\" style=\"--awb-bg-size:cover;--awb-width-large:16.666666666667%;--awb-margin-top-large:0px;--awb-spacing-right-large:14.25%;--awb-margin-bottom-large:20px;--awb-spacing-left-large:14.25%;--awb-width-medium:100%;--awb-order-medium:0;--awb-spacing-right-medium:2.375%;--awb-spacing-left-medium:2.375%;--awb-width-small:100%;--awb-order-small:0;--awb-spacing-right-small:2.375%;--awb-spacing-left-small:2.375%;\"><div class=\"fusion-column-wrapper fusion-column-has-shadow fusion-flex-justify-content-flex-start fusion-content-layout-column\"><\/div><\/div><div class=\"fusion-layout-column fusion_builder_column fusion-builder-column-3 fusion_builder_column_2_3 2_3 fusion-flex-column\" style=\"--awb-bg-size:cover;--awb-width-large:66.666666666667%;--awb-margin-top-large:0px;--awb-spacing-right-large:3.5625%;--awb-margin-bottom-large:0px;--awb-spacing-left-large:3.5625%;--awb-width-medium:100%;--awb-order-medium:0;--awb-spacing-right-medium:2.375%;--awb-spacing-left-medium:2.375%;--awb-width-small:100%;--awb-order-small:5;--awb-spacing-right-small:0%;--awb-spacing-left-small:0%;\"><div class=\"fusion-column-wrapper fusion-column-has-shadow fusion-flex-justify-content-flex-start fusion-content-layout-column\"><div class=\"fusion-text fusion-text-1\" style=\"--awb-font-size:var(--awb-typography4-font-size);--awb-line-height:var(--awb-typography4-line-height);--awb-letter-spacing:var(--awb-typography4-letter-spacing);--awb-text-transform:var(--awb-typography4-text-transform);--awb-text-color:var(--awb-custom_color_15);--awb-text-font-family:var(--awb-typography4-font-family);--awb-text-font-weight:var(--awb-typography4-font-weight);--awb-text-font-style:var(--awb-typography4-font-style);\"><p><b>Sri Preethaji es una reconocida maestra espiritual iluminada y autora exitosa de la India. Junto con su marido, Sri Krishnaji, Sri Preethaji cofund\u00f3 el Movimiento de la Unidad de envergadura mundial. La pareja desciende de un linaje de maestros iluminados.<\/b><\/p>\n<p>La misi\u00f3n de vida de Sri Preethaji es despertar a la humanidad del sufrimiento hacia la paz, de la divisi\u00f3n hacia la unidad y de la separaci\u00f3n hacia la unidad.<\/p>\n<p>Ven y vive la magia que ocurre cuando Sri Preethaji, junto con los participantes, crea un campo poderoso en el que tienen lugar la transformaci\u00f3n y los milagros: el Campo del Despertar.<\/p>\n<\/div><div style=\"text-align:center;\"><a class=\"fusion-button button-flat fusion-button-default-size button-custom fusion-button-default button-1 fusion-button-default-span fusion-button-default-type fusion-has-button-gradient\" style=\"--button_accent_color:var(--awb-custom_color_12);--button_border_color:#00337a;--button_accent_hover_color:var(--awb-color1);--button_border_hover_color:var(--awb-color1);--button_gradient_top_color:var(--awb-custom_color_14);--button_gradient_bottom_color:#00d4ff;--button_gradient_top_color_hover:var(--awb-custom_color_15);--button_gradient_bottom_color_hover:var(--awb-custom_color_15);--button_font_size:38px;--button_line_height:1;--button_padding-top:20px;--button_padding-right:40px;--button_padding-bottom:20px;--button_padding-left:40px;--button_margin-top:27px;--button_margin-bottom:20px;\" target=\"_blank\" rel=\"noopener noreferrer\" href=\"https:\/\/fieldofawakening.eu\/es\/foa-berlin-2024\/\"><span class=\"fusion-button-text awb-button__text awb-button__text--default\">FOA Berlin<\/span><\/a><\/div><\/div><\/div><div class=\"fusion-layout-column fusion_builder_column fusion-builder-column-4 fusion_builder_column_1_6 1_6 fusion-flex-column fusion-no-small-visibility\" style=\"--awb-bg-size:cover;--awb-width-large:16.666666666667%;--awb-margin-top-large:0px;--awb-spacing-right-large:14.25%;--awb-margin-bottom-large:20px;--awb-spacing-left-large:14.25%;--awb-width-medium:100%;--awb-order-medium:0;--awb-spacing-right-medium:2.375%;--awb-spacing-left-medium:2.375%;--awb-width-small:100%;--awb-order-small:0;--awb-spacing-right-small:2.375%;--awb-spacing-left-small:2.375%;\"><div class=\"fusion-column-wrapper fusion-column-has-shadow fusion-flex-justify-content-flex-start fusion-content-layout-column\"><\/div><\/div><\/div><\/div><\/p>\n","protected":false},"excerpt":{"rendered":"","protected":false},"author":2,"featured_media":0,"parent":0,"menu_order":0,"comment_status":"closed","ping_status":"closed","template":"100-width.php","meta":{"footnotes":""},"class_list":["post-4661","page","type-page","status-publish","hentry"],"_links":{"self":[{"href":"https:\/\/fieldofawakening.eu\/es\/wp-json\/wp\/v2\/pages\/4661","targetHints":{"allow":["GET"]}}],"collection":[{"href":"https:\/\/fieldofawakening.eu\/es\/wp-json\/wp\/v2\/pages"}],"about":[{"href":"https:\/\/fieldofawakening.eu\/es\/wp-json\/wp\/v2\/types\/page"}],"author":[{"embeddable":true,"href":"https:\/\/fieldofawakening.eu\/es\/wp-json\/wp\/v2\/users\/2"}],"replies":[{"embeddable":true,"href":"https:\/\/fieldofawakening.eu\/es\/wp-json\/wp\/v2\/comments?post=4661"}],"version-history":[{"count":3,"href":"https:\/\/fieldofawakening.eu\/es\/wp-json\/wp\/v2\/pages\/4661\/revisions"}],"predecessor-version":[{"id":4664,"href":"https:\/\/fieldofawakening.eu\/es\/wp-json\/wp\/v2\/pages\/4661\/revisions\/4664"}],"wp:attachment":[{"href":"https:\/\/fieldofawakening.eu\/es\/wp-json\/wp\/v2\/media?parent=4661"}],"curies":[{"name":"wp","href":"https:\/\/api.w.org\/{rel}","templated":true}]}}